{"id":50535,"date":"2019-11-22T20:50:08","date_gmt":"2019-11-22T20:50:08","guid":{"rendered":"https:\/\/www.techindeep.com\/?page_id=50535"},"modified":"2019-11-22T20:50:08","modified_gmt":"2019-11-22T20:50:08","slug":"iletisim","status":"publish","type":"page","link":"https:\/\/www.techindeep.com\/tr\/iletisim","title":{"rendered":"\u0130letisim"},"content":{"rendered":"<p>Bizi ger\u00e7ekten memnun edecek bir mesaj\u0131n\u0131z varsa, a\u015fa\u011f\u0131daki formu kullan\u0131n.<\/p>\n<div class=\"contact_form\">[contact-form-7 id=&#8221;38118&#8243; title=&#8221;ContactUS&#8221;]<\/div>\n","protected":false},"excerpt":{"rendered":"<p>Bizi ger\u00e7ekten memnun edecek bir mesaj\u0131n\u0131z varsa, a\u015fa\u011f\u0131daki formu kullan\u0131n<\/p>\n","protected":false},"author":1070,"featured_media":0,"parent":0,"menu_order":0,"comment_status":"closed","ping_status":"open","template":"contactus.php","meta":[],"_links":{"self":[{"href":"https:\/\/www.techindeep.com\/tr\/wp-json\/wp\/v2\/pages\/50535"}],"collection":[{"href":"https:\/\/www.techindeep.com\/tr\/wp-json\/wp\/v2\/pages"}],"about":[{"href":"https:\/\/www.techindeep.com\/tr\/wp-json\/wp\/v2\/types\/page"}],"author":[{"embeddable":true,"href":"https:\/\/www.techindeep.com\/tr\/wp-json\/wp\/v2\/users\/1070"}],"replies":[{"embeddable":true,"href":"https:\/\/www.techindeep.com\/tr\/wp-json\/wp\/v2\/comments?post=50535"}],"version-history":[{"count":0,"href":"https:\/\/www.techindeep.com\/tr\/wp-json\/wp\/v2\/pages\/50535\/revisions"}],"wp:attachment":[{"href":"https:\/\/www.techindeep.com\/tr\/wp-json\/wp\/v2\/media?parent=50535"}],"curies":[{"name":"wp","href":"https:\/\/api.w.org\/{rel}","templated":true}]}}